{"id":189,"date":"2023-03-27T13:56:54","date_gmt":"2023-03-27T13:56:54","guid":{"rendered":"http:\/\/dilla-holding.local\/?page_id=189"},"modified":"2026-02-20T11:06:44","modified_gmt":"2026-02-20T11:06:44","slug":"kontakt","status":"publish","type":"page","link":"https:\/\/kahlongruppen.no\/en\/kontakt\/","title":{"rendered":"Main office"},"content":{"rendered":"<div data-elementor-type=\"wp-page\" data-elementor-id=\"189\" class=\"elementor elementor-189\" data-elementor-post-type=\"page\">\n\t\t\t\t\t\t<section class=\"elementor-section elementor-top-section elementor-element elementor-element-964942b elementor-section-boxed elementor-section-height-default elementor-section-height-default\" data-id=\"964942b\" data-element_type=\"section\" data-e-type=\"section\">\n\t\t\t\t\t\t<div class=\"elementor-container elementor-column-gap-default\">\n\t\t\t\t\t<div class=\"elementor-column elementor-col-50 elementor-top-column elementor-element elementor-element-e34f942\" data-id=\"e34f942\" data-element_type=\"column\" data-e-type=\"column\">\n\t\t\t<div class=\"elementor-widget-wrap elementor-element-populated\">\n\t\t\t\t\t\t<div class=\"elementor-element elementor-element-2402d6a elementor-widget elementor-widget-heading\" data-id=\"2402d6a\" data-element_type=\"widget\" data-e-type=\"widget\" data-widget_type=\"heading.default\">\n\t\t\t\t<div class=\"elementor-widget-container\">\n\t\t\t\t\t<h2 class=\"elementor-heading-title elementor-size-default\">Hovedkontoret<\/h2>\t\t\t\t<\/div>\n\t\t\t\t<\/div>\n\t\t\t\t\t<\/div>\n\t\t<\/div>\n\t\t\t\t<div class=\"elementor-column elementor-col-50 elementor-top-column elementor-element elementor-element-58e6fe6\" data-id=\"58e6fe6\" data-element_type=\"column\" data-e-type=\"column\">\n\t\t\t<div class=\"elementor-widget-wrap elementor-element-populated\">\n\t\t\t\t\t\t<div class=\"elementor-element elementor-element-a49bed1 elementor-widget elementor-widget-text-editor\" data-id=\"a49bed1\" data-element_type=\"widget\" data-e-type=\"widget\" data-widget_type=\"text-editor.default\">\n\t\t\t\t<div class=\"elementor-widget-container\">\n\t\t\t\t\t\t\t\t\t<p>Our main office are located in central Oslo and are open every weekday, Monday to Friday.<\/p>\t\t\t\t\t\t\t\t<\/div>\n\t\t\t\t<\/div>\n\t\t\t\t\t<\/div>\n\t\t<\/div>\n\t\t\t\t\t<\/div>\n\t\t<\/section>\n\t\t\t\t<section class=\"elementor-section elementor-top-section elementor-element elementor-element-4f8f0e4 elementor-section-boxed elementor-section-height-default elementor-section-height-default\" data-id=\"4f8f0e4\" data-element_type=\"section\" data-e-type=\"section\">\n\t\t\t\t\t\t<div class=\"elementor-container elementor-column-gap-default\">\n\t\t\t\t\t<div class=\"elementor-column elementor-col-100 elementor-top-column elementor-element elementor-element-d498f92\" data-id=\"d498f92\" data-element_type=\"column\" data-e-type=\"column\">\n\t\t\t<div class=\"elementor-widget-wrap elementor-element-populated\">\n\t\t\t\t\t\t<div class=\"elementor-element elementor-element-6289447 elementor-widget elementor-widget-google_maps\" data-id=\"6289447\" data-element_type=\"widget\" data-e-type=\"widget\" data-widget_type=\"google_maps.default\">\n\t\t\t\t<div class=\"elementor-widget-container\">\n\t\t\t\t\t\t\t<div class=\"elementor-custom-embed\">\n\t\t\t<iframe loading=\"lazy\"\n\t\t\t\t\tsrc=\"https:\/\/maps.google.com\/maps?q=Majorstuveien%2036%2C%200367%20Osl&#038;t=m&#038;z=17&#038;output=embed&#038;iwloc=near\"\n\t\t\t\t\ttitle=\"Majorstuveien 36, 0367 Osl\"\n\t\t\t\t\taria-label=\"Majorstuveien 36, 0367 Osl\"\n\t\t\t><\/iframe>\n\t\t<\/div>\n\t\t\t\t\t\t<\/div>\n\t\t\t\t<\/div>\n\t\t\t\t\t<\/div>\n\t\t<\/div>\n\t\t\t\t\t<\/div>\n\t\t<\/section>\n\t\t\t\t<section class=\"elementor-section elementor-top-section elementor-element elementor-element-7f0d8c2 elementor-section-boxed elementor-section-height-default elementor-section-height-default\" data-id=\"7f0d8c2\" data-element_type=\"section\" data-e-type=\"section\">\n\t\t\t\t\t\t<div class=\"elementor-container elementor-column-gap-default\">\n\t\t\t\t\t<div class=\"elementor-column elementor-col-50 elementor-top-column elementor-element elementor-element-8378efa\" data-id=\"8378efa\" data-element_type=\"column\" data-e-type=\"column\">\n\t\t\t<div class=\"elementor-widget-wrap elementor-element-populated\">\n\t\t\t\t\t\t<div class=\"elementor-element elementor-element-6c5bb32 elementor-widget elementor-widget-heading\" data-id=\"6c5bb32\" data-element_type=\"widget\" data-e-type=\"widget\" data-widget_type=\"heading.default\">\n\t\t\t\t<div class=\"elementor-widget-container\">\n\t\t\t\t\t<h2 class=\"elementor-heading-title elementor-size-default\">Adresse<\/h2>\t\t\t\t<\/div>\n\t\t\t\t<\/div>\n\t\t\t\t\t<\/div>\n\t\t<\/div>\n\t\t\t\t<div class=\"elementor-column elementor-col-50 elementor-top-column elementor-element elementor-element-537e397\" data-id=\"537e397\" data-element_type=\"column\" data-e-type=\"column\">\n\t\t\t<div class=\"elementor-widget-wrap elementor-element-populated\">\n\t\t\t\t\t\t<div class=\"elementor-element elementor-element-fe68598 elementor-widget__width-auto elementor-widget-tablet__width-inherit elementor-widget elementor-widget-text-editor\" data-id=\"fe68598\" data-element_type=\"widget\" data-e-type=\"widget\" data-widget_type=\"text-editor.default\">\n\t\t\t\t<div class=\"elementor-widget-container\">\n\t\t\t\t\t\t\t\t\t<p><span style=\"font-size: 22px; font-weight: 600;\">Bes\u00f8ksadresse:<\/span><br \/>Majorstuveien 36, 0367 Oslo<\/p>\t\t\t\t\t\t\t\t<\/div>\n\t\t\t\t<\/div>\n\t\t\t\t\t<\/div>\n\t\t<\/div>\n\t\t\t\t\t<\/div>\n\t\t<\/section>\n\t\t\t\t<section class=\"elementor-section elementor-top-section elementor-element elementor-element-b3d4afc elementor-section-boxed elementor-section-height-default elementor-section-height-default\" data-id=\"b3d4afc\" data-element_type=\"section\" data-e-type=\"section\">\n\t\t\t\t\t\t<div class=\"elementor-container elementor-column-gap-default\">\n\t\t\t\t\t<div class=\"elementor-column elementor-col-50 elementor-top-column elementor-element elementor-element-1b8ff1a\" data-id=\"1b8ff1a\" data-element_type=\"column\" data-e-type=\"column\">\n\t\t\t<div class=\"elementor-widget-wrap elementor-element-populated\">\n\t\t\t\t\t\t<div class=\"elementor-element elementor-element-e17c169 elementor-widget elementor-widget-heading\" data-id=\"e17c169\" data-element_type=\"widget\" data-e-type=\"widget\" data-widget_type=\"heading.default\">\n\t\t\t\t<div class=\"elementor-widget-container\">\n\t\t\t\t\t<h2 class=\"elementor-heading-title elementor-size-default\">Main office<\/h2>\t\t\t\t<\/div>\n\t\t\t\t<\/div>\n\t\t\t\t\t<\/div>\n\t\t<\/div>\n\t\t\t\t<div class=\"elementor-column elementor-col-50 elementor-top-column elementor-element elementor-element-5f09c73\" data-id=\"5f09c73\" data-element_type=\"column\" data-e-type=\"column\">\n\t\t\t<div class=\"elementor-widget-wrap elementor-element-populated\">\n\t\t\t\t\t\t<div class=\"elementor-element elementor-element-30143e3 elementor-widget__width-auto elementor-widget-tablet__width-inherit elementor-widget elementor-widget-text-editor\" data-id=\"30143e3\" data-element_type=\"widget\" data-e-type=\"widget\" data-widget_type=\"text-editor.default\">\n\t\t\t\t<div class=\"elementor-widget-container\">\n\t\t\t\t\t\t\t\t\t<p><span style=\"font-size: 22px; font-weight: 600;\"><a href=\"mailto:dk@kahlongruppen.no\">dk@kahlongruppen.no<\/a><br \/><\/span><br \/><span style=\"font-size: 22px; font-weight: 600;\">Tlf: <a style=\"color: #7a7a7a; text-decoration: none;\" href=\"tel:23366390\">23 36 63 90<\/a><\/span><\/p>\t\t\t\t\t\t\t\t<\/div>\n\t\t\t\t<\/div>\n\t\t\t\t<div class=\"elementor-element elementor-element-95fa4ff elementor-widget__width-auto elementor-widget-tablet__width-inherit elementor-widget elementor-widget-text-editor\" data-id=\"95fa4ff\" data-element_type=\"widget\" data-e-type=\"widget\" data-widget_type=\"text-editor.default\">\n\t\t\t\t<div class=\"elementor-widget-container\">\n\t\t\t\t\t\t\t\t\t<p><span style=\"font-size: 22px; font-weight: 600;\">Organisasjonsnummer:<br \/>928 987 450<\/span><\/p>\t\t\t\t\t\t\t\t<\/div>\n\t\t\t\t<\/div>\n\t\t\t\t\t<\/div>\n\t\t<\/div>\n\t\t\t\t\t<\/div>\n\t\t<\/section>\n\t\t\t\t<section class=\"elementor-section elementor-top-section elementor-element elementor-element-888d6e1 elementor-section-boxed elementor-section-height-default elementor-section-height-default\" data-id=\"888d6e1\" data-element_type=\"section\" data-e-type=\"section\" data-settings=\"{&quot;background_background&quot;:&quot;classic&quot;}\">\n\t\t\t\t\t\t<div class=\"elementor-container elementor-column-gap-default\">\n\t\t\t\t\t<div class=\"elementor-column elementor-col-100 elementor-top-column elementor-element elementor-element-f9ea437\" data-id=\"f9ea437\" data-element_type=\"column\" data-e-type=\"column\" data-settings=\"{&quot;background_background&quot;:&quot;classic&quot;}\">\n\t\t\t<div class=\"elementor-widget-wrap elementor-element-populated\">\n\t\t\t\t\t\t<div class=\"elementor-element elementor-element-9ea1c28 elementor-widget elementor-widget-spacer\" data-id=\"9ea1c28\" data-element_type=\"widget\" data-e-type=\"widget\" data-widget_type=\"spacer.default\">\n\t\t\t\t<div class=\"elementor-widget-container\">\n\t\t\t\t\t\t\t<div class=\"elementor-spacer\">\n\t\t\t<div class=\"elementor-spacer-inner\"><\/div>\n\t\t<\/div>\n\t\t\t\t\t\t<\/div>\n\t\t\t\t<\/div>\n\t\t\t\t<div class=\"elementor-element elementor-element-42b0013 elementor-widget elementor-widget-spacer\" data-id=\"42b0013\" data-element_type=\"widget\" data-e-type=\"widget\" data-widget_type=\"spacer.default\">\n\t\t\t\t<div class=\"elementor-widget-container\">\n\t\t\t\t\t\t\t<div class=\"elementor-spacer\">\n\t\t\t<div class=\"elementor-spacer-inner\"><\/div>\n\t\t<\/div>\n\t\t\t\t\t\t<\/div>\n\t\t\t\t<\/div>\n\t\t\t\t\t<\/div>\n\t\t<\/div>\n\t\t\t\t\t<\/div>\n\t\t<\/section>\n\t\t\t\t<section class=\"elementor-section elementor-top-section elementor-element elementor-element-e63e609 elementor-section-boxed elementor-section-height-default elementor-section-height-default\" data-id=\"e63e609\" data-element_type=\"section\" data-e-type=\"section\">\n\t\t\t\t\t\t<div class=\"elementor-container elementor-column-gap-default\">\n\t\t\t\t\t<div class=\"elementor-column elementor-col-25 elementor-top-column elementor-element elementor-element-7901107\" data-id=\"7901107\" data-element_type=\"column\" data-e-type=\"column\">\n\t\t\t<div class=\"elementor-widget-wrap elementor-element-populated\">\n\t\t\t\t\t\t<div class=\"elementor-element elementor-element-7f998e2 elementor-widget elementor-widget-heading\" data-id=\"7f998e2\" data-element_type=\"widget\" data-e-type=\"widget\" data-widget_type=\"heading.default\">\n\t\t\t\t<div class=\"elementor-widget-container\">\n\t\t\t\t\t<h2 class=\"elementor-heading-title elementor-size-default\">Employees<\/h2>\t\t\t\t<\/div>\n\t\t\t\t<\/div>\n\t\t\t\t\t<\/div>\n\t\t<\/div>\n\t\t\t\t<div class=\"elementor-column elementor-col-25 elementor-top-column elementor-element elementor-element-001d11e\" data-id=\"001d11e\" data-element_type=\"column\" data-e-type=\"column\">\n\t\t\t<div class=\"elementor-widget-wrap elementor-element-populated\">\n\t\t\t\t\t\t<div class=\"elementor-element elementor-element-531581b elementor-widget elementor-widget-text-editor\" data-id=\"531581b\" data-element_type=\"widget\" data-e-type=\"widget\" data-widget_type=\"text-editor.default\">\n\t\t\t\t<div class=\"elementor-widget-container\">\n\t\t\t\t\t\t\t\t\t<h2 style=\"font-weight: bold; font-size: 22px; line-height: 35px; color: #3e3e3b;\">Daljinder Kahlon<\/h2><h3 style=\"font-weight: bold; font-size: 16px; line-height: 25px; color: #999999;\">EIER \/ ADM. DIREKT\u00d8R<\/h3><p><a href=\"mailto:dk@kahlongruppen.no\">dk@kahlongruppen.no<\/a><br \/><a href=\"tel:+47 23 36 63 90\">+47 23 36 63 90<\/a><\/p>\t\t\t\t\t\t\t\t<\/div>\n\t\t\t\t<\/div>\n\t\t\t\t\t<\/div>\n\t\t<\/div>\n\t\t\t\t<div class=\"elementor-column elementor-col-25 elementor-top-column elementor-element elementor-element-d36e762\" data-id=\"d36e762\" data-element_type=\"column\" data-e-type=\"column\">\n\t\t\t<div class=\"elementor-widget-wrap elementor-element-populated\">\n\t\t\t\t\t\t<div class=\"elementor-element elementor-element-dbaa95c elementor-widget elementor-widget-text-editor\" data-id=\"dbaa95c\" data-element_type=\"widget\" data-e-type=\"widget\" data-widget_type=\"text-editor.default\">\n\t\t\t\t<div class=\"elementor-widget-container\">\n\t\t\t\t\t\t\t\t\t<h2 style=\"font-weight: bold; font-size: 22px; line-height: 35px; color: #3e3e3b;\">Marianne Stallemo<\/h2><h3 style=\"font-weight: bold; font-size: 16px; line-height: 25px; color: #999999;\">REGNSKAPSANSVARLIG<\/h3><p><a href=\"mailto:booking@kahlongruppen.no\">booking@kahlongruppen.no<\/a><br \/><a href=\"tel:+47 38 60 15 90\">+47 38 60 15 90<\/a><\/p>\t\t\t\t\t\t\t\t<\/div>\n\t\t\t\t<\/div>\n\t\t\t\t\t<\/div>\n\t\t<\/div>\n\t\t\t\t<div class=\"elementor-column elementor-col-25 elementor-top-column elementor-element elementor-element-ba5007b\" data-id=\"ba5007b\" data-element_type=\"column\" data-e-type=\"column\">\n\t\t\t<div class=\"elementor-widget-wrap\">\n\t\t\t\t\t\t\t<\/div>\n\t\t<\/div>\n\t\t\t\t\t<\/div>\n\t\t<\/section>\n\t\t\t\t<\/div>","protected":false},"excerpt":{"rendered":"<p>Hovedkontoret V\u00e5rt hovedkontor holder til sentralt i Oslo og er \u00e5pent alle hverdager, mandag til fredag. Adresse Bes\u00f8ksadresse:Majorstuveien 36, 0367 Oslo Kontakt dk@kahlongruppen.no Tlf: 23 36 63 90 Organisasjonsnummer:928 987 450 Ansatte Daljinder Kahlon EIER \/ ADM. DIREKT\u00d8R dk@kahlongruppen.no+47 23 36 63 90 Marianne Stallemo REGNSKAPSANSVARLIG booking@kahlongruppen.no+47 38 60 15 90<\/p>","protected":false},"author":6,"featured_media":0,"parent":0,"menu_order":0,"comment_status":"closed","ping_status":"closed","template":"","meta":{"inline_featured_image":false,"site-sidebar-layout":"no-sidebar","site-content-layout":"page-builder","ast-site-content-layout":"default","site-content-style":"default","site-sidebar-style":"default","ast-global-header-display":"","ast-banner-title-visibility":"","ast-main-header-display":"","ast-hfb-above-header-display":"","ast-hfb-below-header-display":"","ast-hfb-mobile-header-display":"","site-post-title":"disabled","ast-breadcrumbs-content":"","ast-featured-img":"disabled","footer-sml-layout":"","ast-disable-related-posts":"","theme-transparent-header-meta":"","adv-header-id-meta":"","stick-header-meta":"","header-above-stick-meta":"","header-main-stick-meta":"","header-below-stick-meta":"","astra-migrate-meta-layouts":"default","ast-page-background-enabled":"default","ast-page-background-meta":{"desktop":{"background-color":"var(--ast-global-color-4)","background-image":"","background-repeat":"repeat","background-position":"center center","background-size":"auto","background-attachment":"scroll","background-type":"","background-media":"","overlay-type":"","overlay-color":"","overlay-opacity":"","overlay-gradient":""},"tablet":{"background-color":"","background-image":"","background-repeat":"repeat","background-position":"center center","background-size":"auto","background-attachment":"scroll","background-type":"","background-media":"","overlay-type":"","overlay-color":"","overlay-opacity":"","overlay-gradient":""},"mobile":{"background-color":"","background-image":"","background-repeat":"repeat","background-position":"center center","background-size":"auto","background-attachment":"scroll","background-type":"","background-media":"","overlay-type":"","overlay-color":"","overlay-opacity":"","overlay-gradient":""}},"ast-content-background-meta":{"desktop":{"background-color":"var(--ast-global-color-5)","background-image":"","background-repeat":"repeat","background-position":"center center","background-size":"auto","background-attachment":"scroll","background-type":"","background-media":"","overlay-type":"","overlay-color":"","overlay-opacity":"","overlay-gradient":""},"tablet":{"background-color":"var(--ast-global-color-5)","background-image":"","background-repeat":"repeat","background-position":"center center","background-size":"auto","background-attachment":"scroll","background-type":"","background-media":"","overlay-type":"","overlay-color":"","overlay-opacity":"","overlay-gradient":""},"mobile":{"background-color":"var(--ast-global-color-5)","background-image":"","background-repeat":"repeat","background-position":"center center","background-size":"auto","background-attachment":"scroll","background-type":"","background-media":"","overlay-type":"","overlay-color":"","overlay-opacity":"","overlay-gradient":""}},"footnotes":""},"class_list":["post-189","page","type-page","status-publish","hentry"],"yoast_head":"<!-- This site is optimized with the Yoast SEO plugin v27.0 - https:\/\/yoast.com\/product\/yoast-seo-wordpress\/ -->\n<title>Kontakt - Kahlon Gruppen AS<\/title>\n<meta name=\"robots\" content=\"index, follow, max-snippet:-1, max-image-preview:large, max-video-preview:-1\" \/>\n<link rel=\"canonical\" href=\"https:\/\/kahlongruppen.tempurl.host\/kontakt\/\" \/>\n<meta property=\"og:locale\" content=\"en_GB\" \/>\n<meta property=\"og:type\" content=\"article\" \/>\n<meta property=\"og:title\" content=\"Kontakt - Kahlon Gruppen AS\" \/>\n<meta property=\"og:description\" content=\"Hovedkontoret V\u00e5rt hovedkontor holder til sentralt i Oslo og er \u00e5pent alle hverdager, mandag til fredag. Adresse Bes\u00f8ksadresse:Majorstuveien 36, 0367 Oslo Kontakt dk@kahlongruppen.no Tlf: 23 36 63 90 Organisasjonsnummer:928 987 450 Ansatte Daljinder Kahlon EIER \/ ADM. DIREKT\u00d8R dk@kahlongruppen.no+47 23 36 63 90 Marianne Stallemo REGNSKAPSANSVARLIG booking@kahlongruppen.no+47 38 60 15 90\" \/>\n<meta property=\"og:url\" content=\"https:\/\/kahlongruppen.tempurl.host\/kontakt\/\" \/>\n<meta property=\"og:site_name\" content=\"Kahlon Gruppen AS\" \/>\n<meta property=\"article:modified_time\" content=\"2026-02-20T11:06:44+00:00\" \/>\n<meta name=\"twitter:card\" content=\"summary_large_image\" \/>\n<meta name=\"twitter:label1\" content=\"Est. reading time\" \/>\n\t<meta name=\"twitter:data1\" content=\"1 minute\" \/>\n<script type=\"application\/ld+json\" class=\"yoast-schema-graph\">{\"@context\":\"https:\/\/schema.org\",\"@graph\":[{\"@type\":\"WebPage\",\"@id\":\"https:\/\/kahlongruppen.tempurl.host\/kontakt\/\",\"url\":\"https:\/\/kahlongruppen.tempurl.host\/kontakt\/\",\"name\":\"Kontakt - Kahlon Gruppen AS\",\"isPartOf\":{\"@id\":\"https:\/\/kahlongruppen.tempurl.host\/#website\"},\"datePublished\":\"2023-03-27T13:56:54+00:00\",\"dateModified\":\"2026-02-20T11:06:44+00:00\",\"breadcrumb\":{\"@id\":\"https:\/\/kahlongruppen.tempurl.host\/kontakt\/#breadcrumb\"},\"inLanguage\":\"en-GB\",\"potentialAction\":[{\"@type\":\"ReadAction\",\"target\":[\"https:\/\/kahlongruppen.tempurl.host\/kontakt\/\"]}]},{\"@type\":\"BreadcrumbList\",\"@id\":\"https:\/\/kahlongruppen.tempurl.host\/kontakt\/#breadcrumb\",\"itemListElement\":[{\"@type\":\"ListItem\",\"position\":1,\"name\":\"Home\",\"item\":\"https:\/\/kahlongruppen.tempurl.host\/\"},{\"@type\":\"ListItem\",\"position\":2,\"name\":\"Kontakt\"}]},{\"@type\":\"WebSite\",\"@id\":\"https:\/\/kahlongruppen.tempurl.host\/#website\",\"url\":\"https:\/\/kahlongruppen.tempurl.host\/\",\"name\":\"Kahlon Gruppen AS\",\"description\":\"\",\"publisher\":{\"@id\":\"https:\/\/kahlongruppen.tempurl.host\/#organization\"},\"potentialAction\":[{\"@type\":\"SearchAction\",\"target\":{\"@type\":\"EntryPoint\",\"urlTemplate\":\"https:\/\/kahlongruppen.tempurl.host\/?s={search_term_string}\"},\"query-input\":{\"@type\":\"PropertyValueSpecification\",\"valueRequired\":true,\"valueName\":\"search_term_string\"}}],\"inLanguage\":\"en-GB\"},{\"@type\":\"Organization\",\"@id\":\"https:\/\/kahlongruppen.tempurl.host\/#organization\",\"name\":\"Kahlon Gruppen AS\",\"url\":\"https:\/\/kahlongruppen.tempurl.host\/\",\"logo\":{\"@type\":\"ImageObject\",\"inLanguage\":\"en-GB\",\"@id\":\"https:\/\/kahlongruppen.tempurl.host\/#\/schema\/logo\/image\/\",\"url\":\"https:\/\/kahlongruppen.no\/wp-content\/uploads\/2023\/03\/cropped-KG-Second-Black.png\",\"contentUrl\":\"https:\/\/kahlongruppen.no\/wp-content\/uploads\/2023\/03\/cropped-KG-Second-Black.png\",\"width\":500,\"height\":167,\"caption\":\"Kahlon Gruppen AS\"},\"image\":{\"@id\":\"https:\/\/kahlongruppen.tempurl.host\/#\/schema\/logo\/image\/\"}}]}<\/script>\n<!-- \/ Yoast SEO plugin. -->","yoast_head_json":{"title":"Kontakt - Kahlon Gruppen AS","robots":{"index":"index","follow":"follow","max-snippet":"max-snippet:-1","max-image-preview":"max-image-preview:large","max-video-preview":"max-video-preview:-1"},"canonical":"https:\/\/kahlongruppen.tempurl.host\/kontakt\/","og_locale":"en_GB","og_type":"article","og_title":"Kontakt - Kahlon Gruppen AS","og_description":"Hovedkontoret V\u00e5rt hovedkontor holder til sentralt i Oslo og er \u00e5pent alle hverdager, mandag til fredag. Adresse Bes\u00f8ksadresse:Majorstuveien 36, 0367 Oslo Kontakt dk@kahlongruppen.no Tlf: 23 36 63 90 Organisasjonsnummer:928 987 450 Ansatte Daljinder Kahlon EIER \/ ADM. DIREKT\u00d8R dk@kahlongruppen.no+47 23 36 63 90 Marianne Stallemo REGNSKAPSANSVARLIG booking@kahlongruppen.no+47 38 60 15 90","og_url":"https:\/\/kahlongruppen.tempurl.host\/kontakt\/","og_site_name":"Kahlon Gruppen AS","article_modified_time":"2026-02-20T11:06:44+00:00","twitter_card":"summary_large_image","twitter_misc":{"Est. reading time":"1 minute"},"schema":{"@context":"https:\/\/schema.org","@graph":[{"@type":"WebPage","@id":"https:\/\/kahlongruppen.tempurl.host\/kontakt\/","url":"https:\/\/kahlongruppen.tempurl.host\/kontakt\/","name":"Kontakt - Kahlon Gruppen AS","isPartOf":{"@id":"https:\/\/kahlongruppen.tempurl.host\/#website"},"datePublished":"2023-03-27T13:56:54+00:00","dateModified":"2026-02-20T11:06:44+00:00","breadcrumb":{"@id":"https:\/\/kahlongruppen.tempurl.host\/kontakt\/#breadcrumb"},"inLanguage":"en-GB","potentialAction":[{"@type":"ReadAction","target":["https:\/\/kahlongruppen.tempurl.host\/kontakt\/"]}]},{"@type":"BreadcrumbList","@id":"https:\/\/kahlongruppen.tempurl.host\/kontakt\/#breadcrumb","itemListElement":[{"@type":"ListItem","position":1,"name":"Home","item":"https:\/\/kahlongruppen.tempurl.host\/"},{"@type":"ListItem","position":2,"name":"Kontakt"}]},{"@type":"WebSite","@id":"https:\/\/kahlongruppen.tempurl.host\/#website","url":"https:\/\/kahlongruppen.tempurl.host\/","name":"Kahlon Gruppen AS","description":"","publisher":{"@id":"https:\/\/kahlongruppen.tempurl.host\/#organization"},"potentialAction":[{"@type":"SearchAction","target":{"@type":"EntryPoint","urlTemplate":"https:\/\/kahlongruppen.tempurl.host\/?s={search_term_string}"},"query-input":{"@type":"PropertyValueSpecification","valueRequired":true,"valueName":"search_term_string"}}],"inLanguage":"en-GB"},{"@type":"Organization","@id":"https:\/\/kahlongruppen.tempurl.host\/#organization","name":"Kahlon Gruppen AS","url":"https:\/\/kahlongruppen.tempurl.host\/","logo":{"@type":"ImageObject","inLanguage":"en-GB","@id":"https:\/\/kahlongruppen.tempurl.host\/#\/schema\/logo\/image\/","url":"https:\/\/kahlongruppen.no\/wp-content\/uploads\/2023\/03\/cropped-KG-Second-Black.png","contentUrl":"https:\/\/kahlongruppen.no\/wp-content\/uploads\/2023\/03\/cropped-KG-Second-Black.png","width":500,"height":167,"caption":"Kahlon Gruppen AS"},"image":{"@id":"https:\/\/kahlongruppen.tempurl.host\/#\/schema\/logo\/image\/"}}]}},"_links":{"self":[{"href":"https:\/\/kahlongruppen.no\/en\/wp-json\/wp\/v2\/pages\/189","targetHints":{"allow":["GET"]}}],"collection":[{"href":"https:\/\/kahlongruppen.no\/en\/wp-json\/wp\/v2\/pages"}],"about":[{"href":"https:\/\/kahlongruppen.no\/en\/wp-json\/wp\/v2\/types\/page"}],"author":[{"embeddable":true,"href":"https:\/\/kahlongruppen.no\/en\/wp-json\/wp\/v2\/users\/6"}],"replies":[{"embeddable":true,"href":"https:\/\/kahlongruppen.no\/en\/wp-json\/wp\/v2\/comments?post=189"}],"version-history":[{"count":22,"href":"https:\/\/kahlongruppen.no\/en\/wp-json\/wp\/v2\/pages\/189\/revisions"}],"predecessor-version":[{"id":2267,"href":"https:\/\/kahlongruppen.no\/en\/wp-json\/wp\/v2\/pages\/189\/revisions\/2267"}],"wp:attachment":[{"href":"https:\/\/kahlongruppen.no\/en\/wp-json\/wp\/v2\/media?parent=189"}],"curies":[{"name":"wp","href":"https:\/\/api.w.org\/{rel}","templated":true}]}}