{"id":139,"date":"2023-03-27T10:09:20","date_gmt":"2023-03-27T10:09:20","guid":{"rendered":"http:\/\/dilla-holding.local\/?page_id=139"},"modified":"2026-02-20T09:45:14","modified_gmt":"2026-02-20T09:45:14","slug":"om-oss","status":"publish","type":"page","link":"https:\/\/kahlongruppen.no\/en\/om-oss\/","title":{"rendered":"Om-oss"},"content":{"rendered":"<div data-elementor-type=\"wp-page\" data-elementor-id=\"139\" class=\"elementor elementor-139\" data-elementor-post-type=\"page\">\n\t\t\t\t\t\t<section class=\"elementor-section elementor-top-section elementor-element elementor-element-964942b elementor-section-boxed elementor-section-height-default elementor-section-height-default\" data-id=\"964942b\" data-element_type=\"section\" data-e-type=\"section\">\n\t\t\t\t\t\t<div class=\"elementor-container elementor-column-gap-default\">\n\t\t\t\t\t<div class=\"elementor-column elementor-col-50 elementor-top-column elementor-element elementor-element-e34f942\" data-id=\"e34f942\" data-element_type=\"column\" data-e-type=\"column\">\n\t\t\t<div class=\"elementor-widget-wrap elementor-element-populated\">\n\t\t\t\t\t\t<div class=\"elementor-element elementor-element-2402d6a elementor-widget elementor-widget-heading\" data-id=\"2402d6a\" data-element_type=\"widget\" data-e-type=\"widget\" data-widget_type=\"heading.default\">\n\t\t\t\t<div class=\"elementor-widget-container\">\n\t\t\t\t\t<h2 class=\"elementor-heading-title elementor-size-default\">About<\/h2>\t\t\t\t<\/div>\n\t\t\t\t<\/div>\n\t\t\t\t\t<\/div>\n\t\t<\/div>\n\t\t\t\t<div class=\"elementor-column elementor-col-50 elementor-top-column elementor-element elementor-element-58e6fe6\" data-id=\"58e6fe6\" data-element_type=\"column\" data-e-type=\"column\">\n\t\t\t<div class=\"elementor-widget-wrap elementor-element-populated\">\n\t\t\t\t\t\t<div class=\"elementor-element elementor-element-72d2a7b elementor-widget elementor-widget-heading\" data-id=\"72d2a7b\" data-element_type=\"widget\" data-e-type=\"widget\" data-widget_type=\"heading.default\">\n\t\t\t\t<div class=\"elementor-widget-container\">\n\t\t\t\t\t<h2 class=\"elementor-heading-title elementor-size-default\">Kahlon Gruppen er et holdingselskap som eies og drives av Daljinder Kahlon. Selskapet driver hovedsakelig med restaurantvirksomhet og eier i dag fire restauranter i Oslo.<\/h2>\t\t\t\t<\/div>\n\t\t\t\t<\/div>\n\t\t\t\t<div class=\"elementor-element elementor-element-a49bed1 elementor-widget elementor-widget-text-editor\" data-id=\"a49bed1\" data-element_type=\"widget\" data-e-type=\"widget\" data-widget_type=\"text-editor.default\">\n\t\t\t\t<div class=\"elementor-widget-container\">\n\t\t\t\t\t\t\t\t\t<div class=\"TypographyPresentation TypographyPresentation--medium RichText3-paragraph--withVSpacingNormal RichText3-paragraph HighlightSol HighlightSol--buildingBlock\">Med lang erfaring i bransjen har vi etablert solide konsepter med tydelig profil og kvalitet i alle ledd.<\/div><div class=\"TypographyPresentation TypographyPresentation--medium RichText3-paragraph--withVSpacingNormal RichText3-paragraph HighlightSol HighlightSol--buildingBlock\">Vi holder til sentralt p\u00e5 Majorstuen i Oslo. Bes\u00f8kende bes henvende seg til v\u00e5rt kontor i Majorstuveien 36, 5. etasje, mandag til fredag mellom kl. 09.00 og 17.00.<\/div>\t\t\t\t\t\t\t\t<\/div>\n\t\t\t\t<\/div>\n\t\t\t\t<div class=\"elementor-element elementor-element-0d4dc89 btn elementor-widget elementor-widget-button\" data-id=\"0d4dc89\" data-element_type=\"widget\" data-e-type=\"widget\" data-widget_type=\"button.default\">\n\t\t\t\t<div class=\"elementor-widget-container\">\n\t\t\t\t\t\t\t\t\t<div class=\"elementor-button-wrapper\">\n\t\t\t\t\t<a class=\"elementor-button elementor-button-link elementor-size-sm\" href=\"\/en\/kontakt\/\">\n\t\t\t\t\t\t<span class=\"elementor-button-content-wrapper\">\n\t\t\t\t\t\t<span class=\"elementor-button-icon\">\n\t\t\t\t<i aria-hidden=\"true\" class=\"far fa-window-minimize\"><\/i>\t\t\t<\/span>\n\t\t\t\t\t\t\t\t\t<span class=\"elementor-button-text\">CONTACT US<\/span>\n\t\t\t\t\t<\/span>\n\t\t\t\t\t<\/a>\n\t\t\t\t<\/div>\n\t\t\t\t\t\t\t\t<\/div>\n\t\t\t\t<\/div>\n\t\t\t\t\t<\/div>\n\t\t<\/div>\n\t\t\t\t\t<\/div>\n\t\t<\/section>\n\t\t\t\t<section class=\"elementor-section elementor-top-section elementor-element elementor-element-888d6e1 elementor-section-boxed elementor-section-height-default elementor-section-height-default\" data-id=\"888d6e1\" data-element_type=\"section\" data-e-type=\"section\" data-settings=\"{&quot;background_background&quot;:&quot;classic&quot;}\">\n\t\t\t\t\t\t<div class=\"elementor-container elementor-column-gap-default\">\n\t\t\t\t\t<div class=\"elementor-column elementor-col-100 elementor-top-column elementor-element elementor-element-f9ea437\" data-id=\"f9ea437\" data-element_type=\"column\" data-e-type=\"column\" data-settings=\"{&quot;background_background&quot;:&quot;classic&quot;}\">\n\t\t\t<div class=\"elementor-widget-wrap elementor-element-populated\">\n\t\t\t\t\t\t<div class=\"elementor-element elementor-element-9ea1c28 elementor-widget elementor-widget-spacer\" data-id=\"9ea1c28\" data-element_type=\"widget\" data-e-type=\"widget\" data-widget_type=\"spacer.default\">\n\t\t\t\t<div class=\"elementor-widget-container\">\n\t\t\t\t\t\t\t<div class=\"elementor-spacer\">\n\t\t\t<div class=\"elementor-spacer-inner\"><\/div>\n\t\t<\/div>\n\t\t\t\t\t\t<\/div>\n\t\t\t\t<\/div>\n\t\t\t\t<div class=\"elementor-element elementor-element-42b0013 elementor-widget elementor-widget-spacer\" data-id=\"42b0013\" data-element_type=\"widget\" data-e-type=\"widget\" data-widget_type=\"spacer.default\">\n\t\t\t\t<div class=\"elementor-widget-container\">\n\t\t\t\t\t\t\t<div class=\"elementor-spacer\">\n\t\t\t<div class=\"elementor-spacer-inner\"><\/div>\n\t\t<\/div>\n\t\t\t\t\t\t<\/div>\n\t\t\t\t<\/div>\n\t\t\t\t\t<\/div>\n\t\t<\/div>\n\t\t\t\t\t<\/div>\n\t\t<\/section>\n\t\t\t\t<section class=\"elementor-section elementor-top-section elementor-element elementor-element-1637dc9 elementor-section-boxed elementor-section-height-default elementor-section-height-default\" data-id=\"1637dc9\" data-element_type=\"section\" data-e-type=\"section\">\n\t\t\t\t\t\t<div class=\"elementor-container elementor-column-gap-default\">\n\t\t\t\t\t<div class=\"elementor-column elementor-col-50 elementor-top-column elementor-element elementor-element-2a53d0d\" data-id=\"2a53d0d\" data-element_type=\"column\" data-e-type=\"column\">\n\t\t\t<div class=\"elementor-widget-wrap elementor-element-populated\">\n\t\t\t\t\t\t<div class=\"elementor-element elementor-element-0dacccd elementor-widget elementor-widget-heading\" data-id=\"0dacccd\" data-element_type=\"widget\" data-e-type=\"widget\" data-widget_type=\"heading.default\">\n\t\t\t\t<div class=\"elementor-widget-container\">\n\t\t\t\t\t<h2 class=\"elementor-heading-title elementor-size-default\">Questions?<\/h2>\t\t\t\t<\/div>\n\t\t\t\t<\/div>\n\t\t\t\t\t<\/div>\n\t\t<\/div>\n\t\t\t\t<div class=\"elementor-column elementor-col-50 elementor-top-column elementor-element elementor-element-ff468dd\" data-id=\"ff468dd\" data-element_type=\"column\" data-e-type=\"column\">\n\t\t\t<div class=\"elementor-widget-wrap elementor-element-populated\">\n\t\t\t\t\t\t<div class=\"elementor-element elementor-element-d7ce5af elementor-widget elementor-widget-text-editor\" data-id=\"d7ce5af\" data-element_type=\"widget\" data-e-type=\"widget\" data-widget_type=\"text-editor.default\">\n\t\t\t\t<div class=\"elementor-widget-container\">\n\t\t\t\t\t\t\t\t\t<p>Do you have any questions and want to get in touch with us? Send us an email and we will answer you as soon as we can.<\/p>\t\t\t\t\t\t\t\t<\/div>\n\t\t\t\t<\/div>\n\t\t\t\t\t<\/div>\n\t\t<\/div>\n\t\t\t\t\t<\/div>\n\t\t<\/section>\n\t\t\t\t<\/div>","protected":false},"excerpt":{"rendered":"<p>Om oss Kahlon Gruppen er et holdingselskap som eies og drives av Daljinder Kahlon. Selskapet driver hovedsakelig med restaurantvirksomhet og eier i dag fire restauranter i Oslo. Med lang erfaring i bransjen har vi etablert solide konsepter med tydelig profil og kvalitet i alle ledd.Vi holder til sentralt p\u00e5 Majorstuen i Oslo. Bes\u00f8kende bes henvende [&hellip;]<\/p>\n","protected":false},"author":6,"featured_media":0,"parent":0,"menu_order":0,"comment_status":"closed","ping_status":"closed","template":"","meta":{"inline_featured_image":false,"site-sidebar-layout":"no-sidebar","site-content-layout":"page-builder","ast-site-content-layout":"default","site-content-style":"default","site-sidebar-style":"default","ast-global-header-display":"","ast-banner-title-visibility":"","ast-main-header-display":"","ast-hfb-above-header-display":"","ast-hfb-below-header-display":"","ast-hfb-mobile-header-display":"","site-post-title":"disabled","ast-breadcrumbs-content":"","ast-featured-img":"disabled","footer-sml-layout":"","ast-disable-related-posts":"","theme-transparent-header-meta":"","adv-header-id-meta":"","stick-header-meta":"","header-above-stick-meta":"","header-main-stick-meta":"","header-below-stick-meta":"","astra-migrate-meta-layouts":"default","ast-page-background-enabled":"default","ast-page-background-meta":{"desktop":{"background-color":"var(--ast-global-color-4)","background-image":"","background-repeat":"repeat","background-position":"center center","background-size":"auto","background-attachment":"scroll","background-type":"","background-media":"","overlay-type":"","overlay-color":"","overlay-opacity":"","overlay-gradient":""},"tablet":{"background-color":"","background-image":"","background-repeat":"repeat","background-position":"center center","background-size":"auto","background-attachment":"scroll","background-type":"","background-media":"","overlay-type":"","overlay-color":"","overlay-opacity":"","overlay-gradient":""},"mobile":{"background-color":"","background-image":"","background-repeat":"repeat","background-position":"center center","background-size":"auto","background-attachment":"scroll","background-type":"","background-media":"","overlay-type":"","overlay-color":"","overlay-opacity":"","overlay-gradient":""}},"ast-content-background-meta":{"desktop":{"background-color":"var(--ast-global-color-5)","background-image":"","background-repeat":"repeat","background-position":"center center","background-size":"auto","background-attachment":"scroll","background-type":"","background-media":"","overlay-type":"","overlay-color":"","overlay-opacity":"","overlay-gradient":""},"tablet":{"background-color":"var(--ast-global-color-5)","background-image":"","background-repeat":"repeat","background-position":"center center","background-size":"auto","background-attachment":"scroll","background-type":"","background-media":"","overlay-type":"","overlay-color":"","overlay-opacity":"","overlay-gradient":""},"mobile":{"background-color":"var(--ast-global-color-5)","background-image":"","background-repeat":"repeat","background-position":"center center","background-size":"auto","background-attachment":"scroll","background-type":"","background-media":"","overlay-type":"","overlay-color":"","overlay-opacity":"","overlay-gradient":""}},"footnotes":""},"class_list":["post-139","page","type-page","status-publish","hentry"],"yoast_head":"<!-- This site is optimized with the Yoast SEO plugin v27.0 - https:\/\/yoast.com\/product\/yoast-seo-wordpress\/ -->\n<title>Om-oss - Kahlon Gruppen AS<\/title>\n<meta name=\"robots\" content=\"index, follow, max-snippet:-1, max-image-preview:large, max-video-preview:-1\" \/>\n<link rel=\"canonical\" href=\"https:\/\/kahlongruppen.tempurl.host\/om-oss\/\" \/>\n<meta property=\"og:locale\" content=\"en_GB\" \/>\n<meta property=\"og:type\" content=\"article\" \/>\n<meta property=\"og:title\" content=\"Om-oss - Kahlon Gruppen AS\" \/>\n<meta property=\"og:description\" content=\"Om oss Kahlon Gruppen er et holdingselskap som eies og drives av Daljinder Kahlon. Selskapet driver hovedsakelig med restaurantvirksomhet og eier i dag fire restauranter i Oslo. Med lang erfaring i bransjen har vi etablert solide konsepter med tydelig profil og kvalitet i alle ledd.Vi holder til sentralt p\u00e5 Majorstuen i Oslo. Bes\u00f8kende bes henvende [&hellip;]\" \/>\n<meta property=\"og:url\" content=\"https:\/\/kahlongruppen.tempurl.host\/om-oss\/\" \/>\n<meta property=\"og:site_name\" content=\"Kahlon Gruppen AS\" \/>\n<meta property=\"article:modified_time\" content=\"2026-02-20T09:45:14+00:00\" \/>\n<meta name=\"twitter:card\" content=\"summary_large_image\" \/>\n<meta name=\"twitter:label1\" content=\"Est. reading time\" \/>\n\t<meta name=\"twitter:data1\" content=\"1 minute\" \/>\n<script type=\"application\/ld+json\" class=\"yoast-schema-graph\">{\"@context\":\"https:\/\/schema.org\",\"@graph\":[{\"@type\":\"WebPage\",\"@id\":\"https:\/\/kahlongruppen.tempurl.host\/om-oss\/\",\"url\":\"https:\/\/kahlongruppen.tempurl.host\/om-oss\/\",\"name\":\"Om-oss - Kahlon Gruppen AS\",\"isPartOf\":{\"@id\":\"https:\/\/kahlongruppen.tempurl.host\/#website\"},\"datePublished\":\"2023-03-27T10:09:20+00:00\",\"dateModified\":\"2026-02-20T09:45:14+00:00\",\"breadcrumb\":{\"@id\":\"https:\/\/kahlongruppen.tempurl.host\/om-oss\/#breadcrumb\"},\"inLanguage\":\"en-GB\",\"potentialAction\":[{\"@type\":\"ReadAction\",\"target\":[\"https:\/\/kahlongruppen.tempurl.host\/om-oss\/\"]}]},{\"@type\":\"BreadcrumbList\",\"@id\":\"https:\/\/kahlongruppen.tempurl.host\/om-oss\/#breadcrumb\",\"itemListElement\":[{\"@type\":\"ListItem\",\"position\":1,\"name\":\"Home\",\"item\":\"https:\/\/kahlongruppen.tempurl.host\/\"},{\"@type\":\"ListItem\",\"position\":2,\"name\":\"Om-oss\"}]},{\"@type\":\"WebSite\",\"@id\":\"https:\/\/kahlongruppen.tempurl.host\/#website\",\"url\":\"https:\/\/kahlongruppen.tempurl.host\/\",\"name\":\"Kahlon Gruppen AS\",\"description\":\"\",\"publisher\":{\"@id\":\"https:\/\/kahlongruppen.tempurl.host\/#organization\"},\"potentialAction\":[{\"@type\":\"SearchAction\",\"target\":{\"@type\":\"EntryPoint\",\"urlTemplate\":\"https:\/\/kahlongruppen.tempurl.host\/?s={search_term_string}\"},\"query-input\":{\"@type\":\"PropertyValueSpecification\",\"valueRequired\":true,\"valueName\":\"search_term_string\"}}],\"inLanguage\":\"en-GB\"},{\"@type\":\"Organization\",\"@id\":\"https:\/\/kahlongruppen.tempurl.host\/#organization\",\"name\":\"Kahlon Gruppen AS\",\"url\":\"https:\/\/kahlongruppen.tempurl.host\/\",\"logo\":{\"@type\":\"ImageObject\",\"inLanguage\":\"en-GB\",\"@id\":\"https:\/\/kahlongruppen.tempurl.host\/#\/schema\/logo\/image\/\",\"url\":\"https:\/\/kahlongruppen.no\/wp-content\/uploads\/2023\/03\/cropped-KG-Second-Black.png\",\"contentUrl\":\"https:\/\/kahlongruppen.no\/wp-content\/uploads\/2023\/03\/cropped-KG-Second-Black.png\",\"width\":500,\"height\":167,\"caption\":\"Kahlon Gruppen AS\"},\"image\":{\"@id\":\"https:\/\/kahlongruppen.tempurl.host\/#\/schema\/logo\/image\/\"}}]}<\/script>\n<!-- \/ Yoast SEO plugin. -->","yoast_head_json":{"title":"Om-oss - Kahlon Gruppen AS","robots":{"index":"index","follow":"follow","max-snippet":"max-snippet:-1","max-image-preview":"max-image-preview:large","max-video-preview":"max-video-preview:-1"},"canonical":"https:\/\/kahlongruppen.tempurl.host\/om-oss\/","og_locale":"en_GB","og_type":"article","og_title":"Om-oss - Kahlon Gruppen AS","og_description":"Om oss Kahlon Gruppen er et holdingselskap som eies og drives av Daljinder Kahlon. Selskapet driver hovedsakelig med restaurantvirksomhet og eier i dag fire restauranter i Oslo. Med lang erfaring i bransjen har vi etablert solide konsepter med tydelig profil og kvalitet i alle ledd.Vi holder til sentralt p\u00e5 Majorstuen i Oslo. Bes\u00f8kende bes henvende [&hellip;]","og_url":"https:\/\/kahlongruppen.tempurl.host\/om-oss\/","og_site_name":"Kahlon Gruppen AS","article_modified_time":"2026-02-20T09:45:14+00:00","twitter_card":"summary_large_image","twitter_misc":{"Est. reading time":"1 minute"},"schema":{"@context":"https:\/\/schema.org","@graph":[{"@type":"WebPage","@id":"https:\/\/kahlongruppen.tempurl.host\/om-oss\/","url":"https:\/\/kahlongruppen.tempurl.host\/om-oss\/","name":"Om-oss - Kahlon Gruppen AS","isPartOf":{"@id":"https:\/\/kahlongruppen.tempurl.host\/#website"},"datePublished":"2023-03-27T10:09:20+00:00","dateModified":"2026-02-20T09:45:14+00:00","breadcrumb":{"@id":"https:\/\/kahlongruppen.tempurl.host\/om-oss\/#breadcrumb"},"inLanguage":"en-GB","potentialAction":[{"@type":"ReadAction","target":["https:\/\/kahlongruppen.tempurl.host\/om-oss\/"]}]},{"@type":"BreadcrumbList","@id":"https:\/\/kahlongruppen.tempurl.host\/om-oss\/#breadcrumb","itemListElement":[{"@type":"ListItem","position":1,"name":"Home","item":"https:\/\/kahlongruppen.tempurl.host\/"},{"@type":"ListItem","position":2,"name":"Om-oss"}]},{"@type":"WebSite","@id":"https:\/\/kahlongruppen.tempurl.host\/#website","url":"https:\/\/kahlongruppen.tempurl.host\/","name":"Kahlon Gruppen AS","description":"","publisher":{"@id":"https:\/\/kahlongruppen.tempurl.host\/#organization"},"potentialAction":[{"@type":"SearchAction","target":{"@type":"EntryPoint","urlTemplate":"https:\/\/kahlongruppen.tempurl.host\/?s={search_term_string}"},"query-input":{"@type":"PropertyValueSpecification","valueRequired":true,"valueName":"search_term_string"}}],"inLanguage":"en-GB"},{"@type":"Organization","@id":"https:\/\/kahlongruppen.tempurl.host\/#organization","name":"Kahlon Gruppen AS","url":"https:\/\/kahlongruppen.tempurl.host\/","logo":{"@type":"ImageObject","inLanguage":"en-GB","@id":"https:\/\/kahlongruppen.tempurl.host\/#\/schema\/logo\/image\/","url":"https:\/\/kahlongruppen.no\/wp-content\/uploads\/2023\/03\/cropped-KG-Second-Black.png","contentUrl":"https:\/\/kahlongruppen.no\/wp-content\/uploads\/2023\/03\/cropped-KG-Second-Black.png","width":500,"height":167,"caption":"Kahlon Gruppen AS"},"image":{"@id":"https:\/\/kahlongruppen.tempurl.host\/#\/schema\/logo\/image\/"}}]}},"_links":{"self":[{"href":"https:\/\/kahlongruppen.no\/en\/wp-json\/wp\/v2\/pages\/139","targetHints":{"allow":["GET"]}}],"collection":[{"href":"https:\/\/kahlongruppen.no\/en\/wp-json\/wp\/v2\/pages"}],"about":[{"href":"https:\/\/kahlongruppen.no\/en\/wp-json\/wp\/v2\/types\/page"}],"author":[{"embeddable":true,"href":"https:\/\/kahlongruppen.no\/en\/wp-json\/wp\/v2\/users\/6"}],"replies":[{"embeddable":true,"href":"https:\/\/kahlongruppen.no\/en\/wp-json\/wp\/v2\/comments?post=139"}],"version-history":[{"count":13,"href":"https:\/\/kahlongruppen.no\/en\/wp-json\/wp\/v2\/pages\/139\/revisions"}],"predecessor-version":[{"id":2212,"href":"https:\/\/kahlongruppen.no\/en\/wp-json\/wp\/v2\/pages\/139\/revisions\/2212"}],"wp:attachment":[{"href":"https:\/\/kahlongruppen.no\/en\/wp-json\/wp\/v2\/media?parent=139"}],"curies":[{"name":"wp","href":"https:\/\/api.w.org\/{rel}","templated":true}]}}